{"id":10,"date":"2025-12-20T19:10:20","date_gmt":"2025-12-20T19:10:20","guid":{"rendered":"https:\/\/www.kitupgo.com\/index.php\/mon-compte\/"},"modified":"2026-02-28T16:17:36","modified_gmt":"2026-02-28T16:17:36","slug":"mon-compte","status":"publish","type":"page","link":"https:\/\/www.kitupgo.com\/fr\/mon-compte\/","title":{"rendered":"Mon compte"},"content":{"rendered":"\t\t<div data-elementor-type=\"wp-page\" data-elementor-id=\"10\" class=\"elementor elementor-10\" data-elementor-post-type=\"page\">\n\t\t\t\t<div class=\"elementor-element elementor-element-59ab6a5a e-flex e-con-boxed e-con e-parent\" data-id=\"59ab6a5a\" data-element_type=\"container\" data-e-type=\"container\" data-settings=\"{&quot;background_background&quot;:&quot;classic&quot;}\">\n\t\t\t\t\t<div class=\"e-con-inner\">\n\t\t<div class=\"elementor-element elementor-element-39f86cb9 e-con-full e-flex e-con e-child\" data-id=\"39f86cb9\" data-element_type=\"container\" data-e-type=\"container\">\n\t\t\t\t<div class=\"elementor-element elementor-element-67e080af elementor-widget elementor-widget-heading\" data-id=\"67e080af\" data-element_type=\"widget\" data-e-type=\"widget\" data-widget_type=\"heading.default\">\n\t\t\t\t\t<h2 class=\"elementor-heading-title elementor-size-default\">Mon compte<\/h2>\t\t\t\t<\/div>\n\t\t\t\t<\/div>\n\t\t<div class=\"elementor-element elementor-element-911d88a e-con-full e-flex e-con e-child\" data-id=\"911d88a\" data-element_type=\"container\" data-e-type=\"container\">\n\t\t\t\t<div class=\"elementor-element elementor-element-6b0b9a49 elementor-widget elementor-widget-image\" data-id=\"6b0b9a49\" data-element_type=\"widget\" data-e-type=\"widget\" data-widget_type=\"image.default\">\n\t\t\t\t\t\t\t\t\t\t\t\t\t\t\t<img decoding=\"async\" width=\"200\" height=\"200\" src=\"https:\/\/www.kitupgo.com\/wp-content\/uploads\/2026\/01\/icone-my-account.png\" class=\"attachment-large size-large wp-image-8370\" alt=\"\" srcset=\"https:\/\/www.kitupgo.com\/wp-content\/uploads\/2026\/01\/icone-my-account.png 200w, https:\/\/www.kitupgo.com\/wp-content\/uploads\/2026\/01\/icone-my-account-100x100.png 100w, https:\/\/www.kitupgo.com\/wp-content\/uploads\/2026\/01\/icone-my-account-64x64.png 64w, https:\/\/www.kitupgo.com\/wp-content\/uploads\/2026\/01\/icone-my-account-150x150.png 150w\" sizes=\"(max-width: 200px) 100vw, 200px\" \/>\t\t\t\t\t\t\t\t\t\t\t\t\t\t\t<\/div>\n\t\t\t\t<\/div>\n\t\t\t\t\t<\/div>\n\t\t\t\t<\/div>\n\t\t<div class=\"elementor-element elementor-element-ba07fe5 e-flex e-con-boxed e-con e-parent\" data-id=\"ba07fe5\" data-element_type=\"container\" data-e-type=\"container\">\n\t\t\t\t\t<div class=\"e-con-inner\">\n\t\t\t\t<div class=\"elementor-element elementor-element-f155e4f e-my-account-tabs-vertical elementor-widget elementor-widget-woocommerce-my-account\" data-id=\"f155e4f\" data-element_type=\"widget\" data-e-type=\"widget\" data-settings=\"{&quot;customize_dashboard_check&quot;:&quot;yes&quot;}\" data-widget_type=\"woocommerce-my-account.default\">\n\t\t\t\t\t<div class=\"e-my-account-tab e-my-account-tab__ \">\t\t\t<div class=\"woocommerce\"><\/div>\t\t<\/div>\n\t\t\t\t\t\t<\/div>\n\t\t\t\t\t<\/div>\n\t\t\t\t<\/div>\n\t\t\t\t<\/div>\n\t\t","protected":false},"excerpt":{"rendered":"<p>Mon compte Tableau de bord Commandes T\u00e9l\u00e9chargements Adresses Moyens de paiement D\u00e9tails du compte Abonnements D\u00e9connexion Bonjour Christian (vous n\u2019\u00eates pas Christian\u00a0? D\u00e9connexion) \u00c0 partir du tableau de bord de votre compte, vous pouvez visualiser vos commandes r\u00e9centes, g\u00e9rer vos adresses de livraison et de facturation ainsi que changer votre mot de passe et les [&hellip;]<\/p>\n","protected":false},"author":1,"featured_media":0,"parent":0,"menu_order":0,"comment_status":"closed","ping_status":"closed","template":"","meta":{"_acf_changed":false,"footnotes":""},"class_list":["post-10","page","type-page","status-publish","hentry"],"acf":[],"_links":{"self":[{"href":"https:\/\/www.kitupgo.com\/fr\/wp-json\/wp\/v2\/pages\/10","targetHints":{"allow":["GET"]}}],"collection":[{"href":"https:\/\/www.kitupgo.com\/fr\/wp-json\/wp\/v2\/pages"}],"about":[{"href":"https:\/\/www.kitupgo.com\/fr\/wp-json\/wp\/v2\/types\/page"}],"author":[{"embeddable":true,"href":"https:\/\/www.kitupgo.com\/fr\/wp-json\/wp\/v2\/users\/1"}],"replies":[{"embeddable":true,"href":"https:\/\/www.kitupgo.com\/fr\/wp-json\/wp\/v2\/comments?post=10"}],"version-history":[{"count":3,"href":"https:\/\/www.kitupgo.com\/fr\/wp-json\/wp\/v2\/pages\/10\/revisions"}],"predecessor-version":[{"id":14349,"href":"https:\/\/www.kitupgo.com\/fr\/wp-json\/wp\/v2\/pages\/10\/revisions\/14349"}],"wp:attachment":[{"href":"https:\/\/www.kitupgo.com\/fr\/wp-json\/wp\/v2\/media?parent=10"}],"curies":[{"name":"wp","href":"https:\/\/api.w.org\/{rel}","templated":true}]}}